{"id":34,"date":"2020-06-04T09:47:48","date_gmt":"2020-06-04T07:47:48","guid":{"rendered":"https:\/\/www.anjakoenig.com\/?page_id=34"},"modified":"2021-01-27T16:46:20","modified_gmt":"2021-01-27T15:46:20","slug":"coachingleistungen","status":"publish","type":"page","link":"https:\/\/www.anjakoenig.com\/?page_id=34","title":{"rendered":"Leistungen"},"content":{"rendered":"\n<div class=\"wp-block-columns is-layout-flex wp-container-core-columns-is-layout-9d6595d7 wp-block-columns-is-layout-flex\">\n<div class=\"wp-block-column is-layout-flow wp-block-column-is-layout-flow\">\n<h4 class=\"wp-block-heading\">Kleines Coachingpaket (2 Monate)<\/h4>\n\n\n\n<p>Sie stehen vor einer wichtigen Entscheidung und m\u00f6chten Unterst\u00fctzung?<\/p>\n\n\n\n<ul class=\"wp-block-list\"><li>3 Coaching-Sitzungen \u00e0 60 Minuten vor Ort oder per Telefon\/Video-Telefonie<\/li><li>E-Mail-Kontakt im Coachingzeitraum<\/li><li>Inkl. kostenlosem, unverbindlichem Erstgespr\u00e4ch zum gegenseitigen Kennenlernen<\/li><\/ul>\n<\/div>\n\n\n\n<div class=\"wp-block-column is-layout-flow wp-block-column-is-layout-flow\">\n<h4 class=\"wp-block-heading\">Gro\u00dfes Coachingpaket (6 Monate)<\/h4>\n\n\n\n<p>Sie m\u00f6chten ein oder mehrere Ziele in einem Coachingprozess intensiv bearbeiten?<\/p>\n\n\n\n<ul class=\"wp-block-list\"><li>Zielkl\u00e4rungsgespr\u00e4ch (gegebenenfalls gemeinsam mit F\u00fchrungskraft)<\/li><li>6 Coaching-Sitzungen \u00e0 60 Minuten vor Ort oder per Telefon\/Video-Telefonie<\/li><li>Abschlussgespr\u00e4ch inklusive Zielevaluation (gegebenenfalls gemeinsam mit F\u00fchrungskraft)<\/li><li>E-Mail-Kontakt im Coachingzeitraum<\/li><li>Inkl. kostenlosem, unverbindlichem Erstgespr\u00e4ch zum gegenseitigen Kennenlernen<\/li><\/ul>\n<\/div>\n<\/div>\n\n\n\n<p>Ich arbeite sowohl auf deutsch als auch auf englisch.<\/p>\n\n\n\n<p><br><a href=\"https:\/\/www.anjakoenig.com\/?page_id=38\">Kontaktieren <\/a>Sie mich gerne f\u00fcr ein individuelles Angebot oder ein Erstgespr\u00e4ch.<\/p>\n\n\n\n<div class=\"wp-block-columns is-layout-flex wp-container-core-columns-is-layout-9d6595d7 wp-block-columns-is-layout-flex\">\n<div class=\"wp-block-column is-layout-flow wp-block-column-is-layout-flow\">\n<p><\/p>\n<\/div>\n\n\n\n<div class=\"wp-block-column is-layout-flow wp-block-column-is-layout-flow\">\n<p><\/p>\n<\/div>\n<\/div>\n\n\n\n<div class=\"wp-block-columns is-layout-flex wp-container-core-columns-is-layout-9d6595d7 wp-block-columns-is-layout-flex\">\n<div class=\"wp-block-column is-layout-flow wp-block-column-is-layout-flow\"><\/div>\n\n\n\n<div class=\"wp-block-column is-layout-flow wp-block-column-is-layout-flow\"><\/div>\n<\/div>\n\n\n\n<p><\/p>\n","protected":false},"excerpt":{"rendered":"<p>Kleines Coachingpaket (2 Monate) Sie stehen vor einer wichtigen Entscheidung und m\u00f6chten Unterst\u00fctzung? 3 Coaching-Sitzungen \u00e0 60 Minuten vor Ort oder per Telefon\/Video-Telefonie E-Mail-Kontakt im Coachingzeitraum Inkl. kostenlosem, unverbindlichem Erstgespr\u00e4ch zum gegenseitigen Kennenlernen Gro\u00dfes Coachingpaket (6 Monate) Sie m\u00f6chten ein oder mehrere Ziele in einem Coachingprozess intensiv bearbeiten? Zielkl\u00e4rungsgespr\u00e4ch (gegebenenfalls gemeinsam mit F\u00fchrungskraft) 6 Coaching-Sitzungen &hellip; <\/p>\n<p class=\"link-more\"><a href=\"https:\/\/www.anjakoenig.com\/?page_id=34\" class=\"more-link\"><span class=\"screen-reader-text\">\u201eLeistungen\u201c <\/span>weiterlesen<\/a><\/p>\n","protected":false},"author":1,"featured_media":0,"parent":0,"menu_order":0,"comment_status":"closed","ping_status":"closed","template":"","meta":{"footnotes":""},"class_list":["post-34","page","type-page","status-publish","hentry"],"yoast_head":"<!-- This site is optimized with the Yoast SEO plugin v27.3 - https:\/\/yoast.com\/product\/yoast-seo-wordpress\/ -->\n<title>Leistungen - Anja K\u00f6nig Coaching<\/title>\n<meta name=\"description\" content=\"Coachingleistungen\" \/>\n<meta name=\"robots\" content=\"index, follow, max-snippet:-1, max-image-preview:large, max-video-preview:-1\" \/>\n<link rel=\"canonical\" href=\"https:\/\/www.anjakoenig.com\/?page_id=34\" \/>\n<meta property=\"og:locale\" content=\"de_DE\" \/>\n<meta property=\"og:type\" content=\"article\" \/>\n<meta property=\"og:title\" content=\"Leistungen - Anja K\u00f6nig Coaching\" \/>\n<meta property=\"og:description\" content=\"Coachingleistungen\" \/>\n<meta property=\"og:url\" content=\"https:\/\/www.anjakoenig.com\/?page_id=34\" \/>\n<meta property=\"og:site_name\" content=\"Anja K\u00f6nig Coaching\" \/>\n<meta property=\"article:modified_time\" content=\"2021-01-27T15:46:20+00:00\" \/>\n<meta name=\"twitter:card\" content=\"summary_large_image\" \/>\n<meta name=\"twitter:label1\" content=\"Gesch\u00e4tzte Lesezeit\" \/>\n\t<meta name=\"twitter:data1\" content=\"1\u00a0Minute\" \/>\n<script type=\"application\/ld+json\" class=\"yoast-schema-graph\">{\"@context\":\"https:\\\/\\\/schema.org\",\"@graph\":[{\"@type\":\"WebPage\",\"@id\":\"https:\\\/\\\/www.anjakoenig.com\\\/?page_id=34\",\"url\":\"https:\\\/\\\/www.anjakoenig.com\\\/?page_id=34\",\"name\":\"Leistungen - Anja K\u00f6nig Coaching\",\"isPartOf\":{\"@id\":\"https:\\\/\\\/www.anjakoenig.com\\\/#website\"},\"datePublished\":\"2020-06-04T07:47:48+00:00\",\"dateModified\":\"2021-01-27T15:46:20+00:00\",\"description\":\"Coachingleistungen\",\"breadcrumb\":{\"@id\":\"https:\\\/\\\/www.anjakoenig.com\\\/?page_id=34#breadcrumb\"},\"inLanguage\":\"de\",\"potentialAction\":[{\"@type\":\"ReadAction\",\"target\":[\"https:\\\/\\\/www.anjakoenig.com\\\/?page_id=34\"]}]},{\"@type\":\"BreadcrumbList\",\"@id\":\"https:\\\/\\\/www.anjakoenig.com\\\/?page_id=34#breadcrumb\",\"itemListElement\":[{\"@type\":\"ListItem\",\"position\":1,\"name\":\"Home\",\"item\":\"https:\\\/\\\/www.anjakoenig.com\\\/\"},{\"@type\":\"ListItem\",\"position\":2,\"name\":\"Leistungen\"}]},{\"@type\":\"WebSite\",\"@id\":\"https:\\\/\\\/www.anjakoenig.com\\\/#website\",\"url\":\"https:\\\/\\\/www.anjakoenig.com\\\/\",\"name\":\"Anja K\u00f6nig Coaching\",\"description\":\"Auf der Suche nach einem Coach?\",\"publisher\":{\"@id\":\"https:\\\/\\\/www.anjakoenig.com\\\/#organization\"},\"potentialAction\":[{\"@type\":\"SearchAction\",\"target\":{\"@type\":\"EntryPoint\",\"urlTemplate\":\"https:\\\/\\\/www.anjakoenig.com\\\/?s={search_term_string}\"},\"query-input\":{\"@type\":\"PropertyValueSpecification\",\"valueRequired\":true,\"valueName\":\"search_term_string\"}}],\"inLanguage\":\"de\"},{\"@type\":\"Organization\",\"@id\":\"https:\\\/\\\/www.anjakoenig.com\\\/#organization\",\"name\":\"Anja K\u00f6nig Coaching\",\"url\":\"https:\\\/\\\/www.anjakoenig.com\\\/\",\"logo\":{\"@type\":\"ImageObject\",\"inLanguage\":\"de\",\"@id\":\"https:\\\/\\\/www.anjakoenig.com\\\/#\\\/schema\\\/logo\\\/image\\\/\",\"url\":\"https:\\\/\\\/www.anjakoenig.com\\\/wp-content\\\/uploads\\\/2020\\\/06\\\/AK-Logo.jpg\",\"contentUrl\":\"https:\\\/\\\/www.anjakoenig.com\\\/wp-content\\\/uploads\\\/2020\\\/06\\\/AK-Logo.jpg\",\"width\":302,\"height\":295,\"caption\":\"Anja K\u00f6nig Coaching\"},\"image\":{\"@id\":\"https:\\\/\\\/www.anjakoenig.com\\\/#\\\/schema\\\/logo\\\/image\\\/\"}}]}<\/script>\n<!-- \/ Yoast SEO plugin. -->","yoast_head_json":{"title":"Leistungen - Anja K\u00f6nig Coaching","description":"Coachingleistungen","robots":{"index":"index","follow":"follow","max-snippet":"max-snippet:-1","max-image-preview":"max-image-preview:large","max-video-preview":"max-video-preview:-1"},"canonical":"https:\/\/www.anjakoenig.com\/?page_id=34","og_locale":"de_DE","og_type":"article","og_title":"Leistungen - Anja K\u00f6nig Coaching","og_description":"Coachingleistungen","og_url":"https:\/\/www.anjakoenig.com\/?page_id=34","og_site_name":"Anja K\u00f6nig Coaching","article_modified_time":"2021-01-27T15:46:20+00:00","twitter_card":"summary_large_image","twitter_misc":{"Gesch\u00e4tzte Lesezeit":"1\u00a0Minute"},"schema":{"@context":"https:\/\/schema.org","@graph":[{"@type":"WebPage","@id":"https:\/\/www.anjakoenig.com\/?page_id=34","url":"https:\/\/www.anjakoenig.com\/?page_id=34","name":"Leistungen - Anja K\u00f6nig Coaching","isPartOf":{"@id":"https:\/\/www.anjakoenig.com\/#website"},"datePublished":"2020-06-04T07:47:48+00:00","dateModified":"2021-01-27T15:46:20+00:00","description":"Coachingleistungen","breadcrumb":{"@id":"https:\/\/www.anjakoenig.com\/?page_id=34#breadcrumb"},"inLanguage":"de","potentialAction":[{"@type":"ReadAction","target":["https:\/\/www.anjakoenig.com\/?page_id=34"]}]},{"@type":"BreadcrumbList","@id":"https:\/\/www.anjakoenig.com\/?page_id=34#breadcrumb","itemListElement":[{"@type":"ListItem","position":1,"name":"Home","item":"https:\/\/www.anjakoenig.com\/"},{"@type":"ListItem","position":2,"name":"Leistungen"}]},{"@type":"WebSite","@id":"https:\/\/www.anjakoenig.com\/#website","url":"https:\/\/www.anjakoenig.com\/","name":"Anja K\u00f6nig Coaching","description":"Auf der Suche nach einem Coach?","publisher":{"@id":"https:\/\/www.anjakoenig.com\/#organization"},"potentialAction":[{"@type":"SearchAction","target":{"@type":"EntryPoint","urlTemplate":"https:\/\/www.anjakoenig.com\/?s={search_term_string}"},"query-input":{"@type":"PropertyValueSpecification","valueRequired":true,"valueName":"search_term_string"}}],"inLanguage":"de"},{"@type":"Organization","@id":"https:\/\/www.anjakoenig.com\/#organization","name":"Anja K\u00f6nig Coaching","url":"https:\/\/www.anjakoenig.com\/","logo":{"@type":"ImageObject","inLanguage":"de","@id":"https:\/\/www.anjakoenig.com\/#\/schema\/logo\/image\/","url":"https:\/\/www.anjakoenig.com\/wp-content\/uploads\/2020\/06\/AK-Logo.jpg","contentUrl":"https:\/\/www.anjakoenig.com\/wp-content\/uploads\/2020\/06\/AK-Logo.jpg","width":302,"height":295,"caption":"Anja K\u00f6nig Coaching"},"image":{"@id":"https:\/\/www.anjakoenig.com\/#\/schema\/logo\/image\/"}}]}},"_links":{"self":[{"href":"https:\/\/www.anjakoenig.com\/index.php?rest_route=\/wp\/v2\/pages\/34","targetHints":{"allow":["GET"]}}],"collection":[{"href":"https:\/\/www.anjakoenig.com\/index.php?rest_route=\/wp\/v2\/pages"}],"about":[{"href":"https:\/\/www.anjakoenig.com\/index.php?rest_route=\/wp\/v2\/types\/page"}],"author":[{"embeddable":true,"href":"https:\/\/www.anjakoenig.com\/index.php?rest_route=\/wp\/v2\/users\/1"}],"replies":[{"embeddable":true,"href":"https:\/\/www.anjakoenig.com\/index.php?rest_route=%2Fwp%2Fv2%2Fcomments&post=34"}],"version-history":[{"count":14,"href":"https:\/\/www.anjakoenig.com\/index.php?rest_route=\/wp\/v2\/pages\/34\/revisions"}],"predecessor-version":[{"id":201,"href":"https:\/\/www.anjakoenig.com\/index.php?rest_route=\/wp\/v2\/pages\/34\/revisions\/201"}],"wp:attachment":[{"href":"https:\/\/www.anjakoenig.com\/index.php?rest_route=%2Fwp%2Fv2%2Fmedia&parent=34"}],"curies":[{"name":"wp","href":"https:\/\/api.w.org\/{rel}","templated":true}]}}