{"id":36,"date":"2020-06-04T09:47:48","date_gmt":"2020-06-04T07:47:48","guid":{"rendered":"https:\/\/www.anjakoenig.com\/?page_id=36"},"modified":"2020-10-20T12:03:30","modified_gmt":"2020-10-20T10:03:30","slug":"coachingansatz","status":"publish","type":"page","link":"https:\/\/www.anjakoenig.com\/?page_id=36","title":{"rendered":"Coachingansatz"},"content":{"rendered":"\n<p>Als Coach begleite ich Sie auf Ihrem Weg und unterst\u00fctze Ihren Fortschritt durch Coaching. Im Coaching arbeiten wir gemeinsam daran, dass Sie Ihre Ziele erreichen und dadurch im Berufsleben souver\u00e4ner, kompetenter und zufriedener werden. <br>Sie gewinnen neue Perspektiven auf Ihre aktuelle Situation und Problemstellungen. Mit meiner Unterst\u00fctzung reflektieren und hinterfragen Sie eingefahrene Denk- &amp; Handlungsmuster und erarbeiten sich eigene, effektive Handlungsstrategien. Sie gewinnen an Klarheit und Selbstvertrauen; Sie k\u00f6nnen Bedenken aus dem Weg r\u00e4umen, mutige Entscheidungen treffen und Ver\u00e4nderungen gezielt angehen.<br><br>Meine Coachings lehnen sich an die Definition der ICF (International Coach Federation) an. Insbesondere lege ich Wert auf \u2026\u00a0<\/p>\n\n\n\n<p>Eine <strong>klare Zieldefinition<\/strong>: Es ist wichtig, sowohl zu Beginn des Coachingprozesses sowie f\u00fcr jede einzelne Sitzung klare, realistische und erreichbare Ziele auf Verhaltensbasis zu definieren.<\/p>\n\n\n\n<p>Eine <strong>sichere Atmosph\u00e4re<\/strong>: Die Coaching-Beziehung findet auf Augenh\u00f6he statt und ist gekennzeichnet von gegenseitiger Wertsch\u00e4tzung und Vertrauen.<\/p>\n\n\n\n<p><strong>Volle Aufmerksamkeit<\/strong>: Als Coach schenke ich Ihnen in den Sitzungen meine volle Aufmerksamkeit; ich h\u00f6re Ihnen aktiv zu und konzentriere mich voll und ganz auf Sie und Ihr Anliegen.<\/p>\n\n\n\n<p><strong>Effektive Kommunikation<\/strong>: Durch hilfreiche, verst\u00e4ndliche Fragen versetze ich Sie in die Lage, Ihre Situation genau unter die Lupe zu nehmen und zu reflektieren, welche neuen Wege Sie beschreiten k\u00f6nnen.<\/p>\n\n\n\n<p><strong>Ressourcenorientierung<\/strong>: Ich helfe Ihnen, Ihre St\u00e4rken gezielt einzusetzen und sie als L\u00f6sungsansatz zu verwenden.<\/p>\n\n\n\n<p><strong>Eigenverantwortung<\/strong>: Als Coach gebe ich Hilfe zur Selbsthilfe. Sie erarbeiten selbst, welche Ziele, Ma\u00dfnahmen und L\u00f6sungen f\u00fcr Sie pers\u00f6nlich geeignet sind und was Sie umsetzen wollen und k\u00f6nnen.&nbsp;<\/p>\n\n\n\n<p><strong>Evaluation<\/strong>: Wir betrachten regelm\u00e4\u00dfig, was hilfreich und weniger hilfreich war, um f\u00fcr Sie das Bestm\u00f6gliche aus dem Coaching herauszuholen.<\/p>\n","protected":false},"excerpt":{"rendered":"<p>Als Coach begleite ich Sie auf Ihrem Weg und unterst\u00fctze Ihren Fortschritt durch Coaching. Im Coaching arbeiten wir gemeinsam daran, dass Sie Ihre Ziele erreichen und dadurch im Berufsleben souver\u00e4ner, kompetenter und zufriedener werden. Sie gewinnen neue Perspektiven auf Ihre aktuelle Situation und Problemstellungen. Mit meiner Unterst\u00fctzung reflektieren und hinterfragen Sie eingefahrene Denk- &amp; Handlungsmuster &hellip; <\/p>\n<p class=\"link-more\"><a href=\"https:\/\/www.anjakoenig.com\/?page_id=36\" class=\"more-link\"><span class=\"screen-reader-text\">\u201eCoachingansatz\u201c <\/span>weiterlesen<\/a><\/p>\n","protected":false},"author":1,"featured_media":0,"parent":0,"menu_order":0,"comment_status":"closed","ping_status":"closed","template":"","meta":{"footnotes":""},"class_list":["post-36","page","type-page","status-publish","hentry"],"yoast_head":"<!-- This site is optimized with the Yoast SEO plugin v27.3 - https:\/\/yoast.com\/product\/yoast-seo-wordpress\/ -->\n<title>Coachingansatz - Anja K\u00f6nig Coaching<\/title>\n<meta name=\"description\" content=\"Meine Coachings lehnen sich an die Definition der ICF (International Coach Federation) an. Insbesondere lege ich Wert auf \u2026\" \/>\n<meta name=\"robots\" content=\"index, follow, max-snippet:-1, max-image-preview:large, max-video-preview:-1\" \/>\n<link rel=\"canonical\" href=\"https:\/\/www.anjakoenig.com\/?page_id=36\" \/>\n<meta property=\"og:locale\" content=\"de_DE\" \/>\n<meta property=\"og:type\" content=\"article\" \/>\n<meta property=\"og:title\" content=\"Coachingansatz - Anja K\u00f6nig Coaching\" \/>\n<meta property=\"og:description\" content=\"Meine Coachings lehnen sich an die Definition der ICF (International Coach Federation) an. Insbesondere lege ich Wert auf \u2026\" \/>\n<meta property=\"og:url\" content=\"https:\/\/www.anjakoenig.com\/?page_id=36\" \/>\n<meta property=\"og:site_name\" content=\"Anja K\u00f6nig Coaching\" \/>\n<meta property=\"article:modified_time\" content=\"2020-10-20T10:03:30+00:00\" \/>\n<meta name=\"twitter:card\" content=\"summary_large_image\" \/>\n<meta name=\"twitter:label1\" content=\"Gesch\u00e4tzte Lesezeit\" \/>\n\t<meta name=\"twitter:data1\" content=\"1\u00a0Minute\" \/>\n<script type=\"application\/ld+json\" class=\"yoast-schema-graph\">{\"@context\":\"https:\\\/\\\/schema.org\",\"@graph\":[{\"@type\":\"WebPage\",\"@id\":\"https:\\\/\\\/www.anjakoenig.com\\\/?page_id=36\",\"url\":\"https:\\\/\\\/www.anjakoenig.com\\\/?page_id=36\",\"name\":\"Coachingansatz - Anja K\u00f6nig Coaching\",\"isPartOf\":{\"@id\":\"https:\\\/\\\/www.anjakoenig.com\\\/#website\"},\"datePublished\":\"2020-06-04T07:47:48+00:00\",\"dateModified\":\"2020-10-20T10:03:30+00:00\",\"description\":\"Meine Coachings lehnen sich an die Definition der ICF (International Coach Federation) an. Insbesondere lege ich Wert auf \u2026\",\"breadcrumb\":{\"@id\":\"https:\\\/\\\/www.anjakoenig.com\\\/?page_id=36#breadcrumb\"},\"inLanguage\":\"de\",\"potentialAction\":[{\"@type\":\"ReadAction\",\"target\":[\"https:\\\/\\\/www.anjakoenig.com\\\/?page_id=36\"]}]},{\"@type\":\"BreadcrumbList\",\"@id\":\"https:\\\/\\\/www.anjakoenig.com\\\/?page_id=36#breadcrumb\",\"itemListElement\":[{\"@type\":\"ListItem\",\"position\":1,\"name\":\"Home\",\"item\":\"https:\\\/\\\/www.anjakoenig.com\\\/\"},{\"@type\":\"ListItem\",\"position\":2,\"name\":\"Coachingansatz\"}]},{\"@type\":\"WebSite\",\"@id\":\"https:\\\/\\\/www.anjakoenig.com\\\/#website\",\"url\":\"https:\\\/\\\/www.anjakoenig.com\\\/\",\"name\":\"Anja K\u00f6nig Coaching\",\"description\":\"Auf der Suche nach einem Coach?\",\"publisher\":{\"@id\":\"https:\\\/\\\/www.anjakoenig.com\\\/#organization\"},\"potentialAction\":[{\"@type\":\"SearchAction\",\"target\":{\"@type\":\"EntryPoint\",\"urlTemplate\":\"https:\\\/\\\/www.anjakoenig.com\\\/?s={search_term_string}\"},\"query-input\":{\"@type\":\"PropertyValueSpecification\",\"valueRequired\":true,\"valueName\":\"search_term_string\"}}],\"inLanguage\":\"de\"},{\"@type\":\"Organization\",\"@id\":\"https:\\\/\\\/www.anjakoenig.com\\\/#organization\",\"name\":\"Anja K\u00f6nig Coaching\",\"url\":\"https:\\\/\\\/www.anjakoenig.com\\\/\",\"logo\":{\"@type\":\"ImageObject\",\"inLanguage\":\"de\",\"@id\":\"https:\\\/\\\/www.anjakoenig.com\\\/#\\\/schema\\\/logo\\\/image\\\/\",\"url\":\"https:\\\/\\\/www.anjakoenig.com\\\/wp-content\\\/uploads\\\/2020\\\/06\\\/AK-Logo.jpg\",\"contentUrl\":\"https:\\\/\\\/www.anjakoenig.com\\\/wp-content\\\/uploads\\\/2020\\\/06\\\/AK-Logo.jpg\",\"width\":302,\"height\":295,\"caption\":\"Anja K\u00f6nig Coaching\"},\"image\":{\"@id\":\"https:\\\/\\\/www.anjakoenig.com\\\/#\\\/schema\\\/logo\\\/image\\\/\"}}]}<\/script>\n<!-- \/ Yoast SEO plugin. -->","yoast_head_json":{"title":"Coachingansatz - Anja K\u00f6nig Coaching","description":"Meine Coachings lehnen sich an die Definition der ICF (International Coach Federation) an. Insbesondere lege ich Wert auf \u2026","robots":{"index":"index","follow":"follow","max-snippet":"max-snippet:-1","max-image-preview":"max-image-preview:large","max-video-preview":"max-video-preview:-1"},"canonical":"https:\/\/www.anjakoenig.com\/?page_id=36","og_locale":"de_DE","og_type":"article","og_title":"Coachingansatz - Anja K\u00f6nig Coaching","og_description":"Meine Coachings lehnen sich an die Definition der ICF (International Coach Federation) an. Insbesondere lege ich Wert auf \u2026","og_url":"https:\/\/www.anjakoenig.com\/?page_id=36","og_site_name":"Anja K\u00f6nig Coaching","article_modified_time":"2020-10-20T10:03:30+00:00","twitter_card":"summary_large_image","twitter_misc":{"Gesch\u00e4tzte Lesezeit":"1\u00a0Minute"},"schema":{"@context":"https:\/\/schema.org","@graph":[{"@type":"WebPage","@id":"https:\/\/www.anjakoenig.com\/?page_id=36","url":"https:\/\/www.anjakoenig.com\/?page_id=36","name":"Coachingansatz - Anja K\u00f6nig Coaching","isPartOf":{"@id":"https:\/\/www.anjakoenig.com\/#website"},"datePublished":"2020-06-04T07:47:48+00:00","dateModified":"2020-10-20T10:03:30+00:00","description":"Meine Coachings lehnen sich an die Definition der ICF (International Coach Federation) an. Insbesondere lege ich Wert auf \u2026","breadcrumb":{"@id":"https:\/\/www.anjakoenig.com\/?page_id=36#breadcrumb"},"inLanguage":"de","potentialAction":[{"@type":"ReadAction","target":["https:\/\/www.anjakoenig.com\/?page_id=36"]}]},{"@type":"BreadcrumbList","@id":"https:\/\/www.anjakoenig.com\/?page_id=36#breadcrumb","itemListElement":[{"@type":"ListItem","position":1,"name":"Home","item":"https:\/\/www.anjakoenig.com\/"},{"@type":"ListItem","position":2,"name":"Coachingansatz"}]},{"@type":"WebSite","@id":"https:\/\/www.anjakoenig.com\/#website","url":"https:\/\/www.anjakoenig.com\/","name":"Anja K\u00f6nig Coaching","description":"Auf der Suche nach einem Coach?","publisher":{"@id":"https:\/\/www.anjakoenig.com\/#organization"},"potentialAction":[{"@type":"SearchAction","target":{"@type":"EntryPoint","urlTemplate":"https:\/\/www.anjakoenig.com\/?s={search_term_string}"},"query-input":{"@type":"PropertyValueSpecification","valueRequired":true,"valueName":"search_term_string"}}],"inLanguage":"de"},{"@type":"Organization","@id":"https:\/\/www.anjakoenig.com\/#organization","name":"Anja K\u00f6nig Coaching","url":"https:\/\/www.anjakoenig.com\/","logo":{"@type":"ImageObject","inLanguage":"de","@id":"https:\/\/www.anjakoenig.com\/#\/schema\/logo\/image\/","url":"https:\/\/www.anjakoenig.com\/wp-content\/uploads\/2020\/06\/AK-Logo.jpg","contentUrl":"https:\/\/www.anjakoenig.com\/wp-content\/uploads\/2020\/06\/AK-Logo.jpg","width":302,"height":295,"caption":"Anja K\u00f6nig Coaching"},"image":{"@id":"https:\/\/www.anjakoenig.com\/#\/schema\/logo\/image\/"}}]}},"_links":{"self":[{"href":"https:\/\/www.anjakoenig.com\/index.php?rest_route=\/wp\/v2\/pages\/36","targetHints":{"allow":["GET"]}}],"collection":[{"href":"https:\/\/www.anjakoenig.com\/index.php?rest_route=\/wp\/v2\/pages"}],"about":[{"href":"https:\/\/www.anjakoenig.com\/index.php?rest_route=\/wp\/v2\/types\/page"}],"author":[{"embeddable":true,"href":"https:\/\/www.anjakoenig.com\/index.php?rest_route=\/wp\/v2\/users\/1"}],"replies":[{"embeddable":true,"href":"https:\/\/www.anjakoenig.com\/index.php?rest_route=%2Fwp%2Fv2%2Fcomments&post=36"}],"version-history":[{"count":8,"href":"https:\/\/www.anjakoenig.com\/index.php?rest_route=\/wp\/v2\/pages\/36\/revisions"}],"predecessor-version":[{"id":211,"href":"https:\/\/www.anjakoenig.com\/index.php?rest_route=\/wp\/v2\/pages\/36\/revisions\/211"}],"wp:attachment":[{"href":"https:\/\/www.anjakoenig.com\/index.php?rest_route=%2Fwp%2Fv2%2Fmedia&parent=36"}],"curies":[{"name":"wp","href":"https:\/\/api.w.org\/{rel}","templated":true}]}}