{"id":37,"date":"2020-06-04T09:47:48","date_gmt":"2020-06-04T07:47:48","guid":{"rendered":"https:\/\/www.anjakoenig.com\/?page_id=37"},"modified":"2020-06-04T16:06:15","modified_gmt":"2020-06-04T14:06:15","slug":"beispiele","status":"publish","type":"page","link":"https:\/\/www.anjakoenig.com\/?page_id=37","title":{"rendered":"Beispiele"},"content":{"rendered":"\n<p><strong>Eine erfahrene F\u00fchrungskraft<\/strong> \u00fcbernimmt&nbsp; nach einer internen Umorganisation ein neu zusammengestelltes Team. Die Coachingziele werden in Absprache mit dem Klienten und dessen Chef vereinbart. Aufgrund von fr\u00fcheren R\u00fcckmeldungen m\u00f6chte die F\u00fchrungskraft an ihrem vision\u00e4ren F\u00fchrungsverhalten arbeiten sowie Konfliktsituationen besser managen. Dar\u00fcber hinaus m\u00f6chte sie mehr Zeit finden, Know-How zu agilen Managementpraktiken aufzubauen.<\/p>\n\n\n\n<p><strong>Eine Ober\u00e4rztin am Krankenhaus<\/strong> steht vor der Gr\u00fcndung ihrer eigenen Praxis. Als Coachingziele werden herausgearbeitet, dass sie mehr Selbstvertrauen gewinnen und ihre Schritte in die Selbstst\u00e4ndigkeit planen m\u00f6chte sowie sich eine Coachingbegleitung f\u00fcr die Anfangszeit in eigener Praxis w\u00fcnscht.&nbsp;<\/p>\n\n\n\n<p><strong>Ein Gesch\u00e4ftsf\u00fchrer<\/strong> will aufgrund von veralteten Strukturen die Organisation neu aufstellen. Zum einen m\u00f6chte er seine direkten Mitarbeiter davon \u00fcberzeugen, die Ver\u00e4nderungen mitzutragen; zum anderen muss er selbst lernen, Verantwortung an eine neu geschaffene Stabsstelle abzugeben.<\/p>\n\n\n\n<p><strong>Der Klient<\/strong> steht vor einer wichtigen Karriereentscheidung: sein Arbeitgeber m\u00f6chte ihn als Grundlage f\u00fcr eine weitere Bef\u00f6rderung auf einen mehrj\u00e4hrigen Auslandsaufenthalt schicken. Seine Familie steht diesem Angebot zwiesp\u00e4ltig gegen\u00fcber. Im Coaching m\u00f6chte er daher Klarheit gewinnen und beide Optionen inklusive Vor-und Nachteilen und Auswirkungen auf das weitere Leben genauer beleuchten.<\/p>\n\n\n\n<p><strong>Eine neu berufene Juniorprofessorin<\/strong> k\u00e4mpft mit vielf\u00e4ltigen Anspr\u00fcchen an die neue Position. Sie m\u00f6chte souver\u00e4ner werden im Umgang mit politischen Machtspielen sowie ihre Work-Life-Balance mittelfristig wiederherstellen und durchsetzen k\u00f6nnen.<\/p>\n\n\n\n<div class=\"wp-block-columns is-layout-flex wp-container-core-columns-is-layout-9d6595d7 wp-block-columns-is-layout-flex\">\n<div class=\"wp-block-column is-layout-flow wp-block-column-is-layout-flow\"><\/div>\n\n\n\n<div class=\"wp-block-column is-layout-flow wp-block-column-is-layout-flow\"><\/div>\n\n\n\n<div class=\"wp-block-column is-layout-flow wp-block-column-is-layout-flow\"><\/div>\n<\/div>\n","protected":false},"excerpt":{"rendered":"<p>Eine erfahrene F\u00fchrungskraft \u00fcbernimmt&nbsp; nach einer internen Umorganisation ein neu zusammengestelltes Team. Die Coachingziele werden in Absprache mit dem Klienten und dessen Chef vereinbart. Aufgrund von fr\u00fcheren R\u00fcckmeldungen m\u00f6chte die F\u00fchrungskraft an ihrem vision\u00e4ren F\u00fchrungsverhalten arbeiten sowie Konfliktsituationen besser managen. Dar\u00fcber hinaus m\u00f6chte sie mehr Zeit finden, Know-How zu agilen Managementpraktiken aufzubauen. Eine Ober\u00e4rztin am &hellip; <\/p>\n<p class=\"link-more\"><a href=\"https:\/\/www.anjakoenig.com\/?page_id=37\" class=\"more-link\"><span class=\"screen-reader-text\">\u201eBeispiele\u201c <\/span>weiterlesen<\/a><\/p>\n","protected":false},"author":1,"featured_media":0,"parent":0,"menu_order":0,"comment_status":"closed","ping_status":"closed","template":"","meta":{"footnotes":""},"class_list":["post-37","page","type-page","status-publish","hentry"],"yoast_head":"<!-- This site is optimized with the Yoast SEO plugin v27.3 - https:\/\/yoast.com\/product\/yoast-seo-wordpress\/ -->\n<title>Beispiele - Anja K\u00f6nig Coaching<\/title>\n<meta name=\"robots\" content=\"index, follow, max-snippet:-1, max-image-preview:large, max-video-preview:-1\" \/>\n<link rel=\"canonical\" href=\"https:\/\/www.anjakoenig.com\/?page_id=37\" \/>\n<meta property=\"og:locale\" content=\"de_DE\" \/>\n<meta property=\"og:type\" content=\"article\" \/>\n<meta property=\"og:title\" content=\"Beispiele - Anja K\u00f6nig Coaching\" \/>\n<meta property=\"og:description\" content=\"Eine erfahrene F\u00fchrungskraft \u00fcbernimmt&nbsp; nach einer internen Umorganisation ein neu zusammengestelltes Team. Die Coachingziele werden in Absprache mit dem Klienten und dessen Chef vereinbart. Aufgrund von fr\u00fcheren R\u00fcckmeldungen m\u00f6chte die F\u00fchrungskraft an ihrem vision\u00e4ren F\u00fchrungsverhalten arbeiten sowie Konfliktsituationen besser managen. Dar\u00fcber hinaus m\u00f6chte sie mehr Zeit finden, Know-How zu agilen Managementpraktiken aufzubauen. Eine Ober\u00e4rztin am &hellip; \u201eBeispiele\u201c weiterlesen\" \/>\n<meta property=\"og:url\" content=\"https:\/\/www.anjakoenig.com\/?page_id=37\" \/>\n<meta property=\"og:site_name\" content=\"Anja K\u00f6nig Coaching\" \/>\n<meta property=\"article:modified_time\" content=\"2020-06-04T14:06:15+00:00\" \/>\n<meta name=\"twitter:card\" content=\"summary_large_image\" \/>\n<meta name=\"twitter:label1\" content=\"Gesch\u00e4tzte Lesezeit\" \/>\n\t<meta name=\"twitter:data1\" content=\"1\u00a0Minute\" \/>\n<script type=\"application\/ld+json\" class=\"yoast-schema-graph\">{\"@context\":\"https:\\\/\\\/schema.org\",\"@graph\":[{\"@type\":\"WebPage\",\"@id\":\"https:\\\/\\\/www.anjakoenig.com\\\/?page_id=37\",\"url\":\"https:\\\/\\\/www.anjakoenig.com\\\/?page_id=37\",\"name\":\"Beispiele - Anja K\u00f6nig Coaching\",\"isPartOf\":{\"@id\":\"https:\\\/\\\/www.anjakoenig.com\\\/#website\"},\"datePublished\":\"2020-06-04T07:47:48+00:00\",\"dateModified\":\"2020-06-04T14:06:15+00:00\",\"breadcrumb\":{\"@id\":\"https:\\\/\\\/www.anjakoenig.com\\\/?page_id=37#breadcrumb\"},\"inLanguage\":\"de\",\"potentialAction\":[{\"@type\":\"ReadAction\",\"target\":[\"https:\\\/\\\/www.anjakoenig.com\\\/?page_id=37\"]}]},{\"@type\":\"BreadcrumbList\",\"@id\":\"https:\\\/\\\/www.anjakoenig.com\\\/?page_id=37#breadcrumb\",\"itemListElement\":[{\"@type\":\"ListItem\",\"position\":1,\"name\":\"Home\",\"item\":\"https:\\\/\\\/www.anjakoenig.com\\\/\"},{\"@type\":\"ListItem\",\"position\":2,\"name\":\"Beispiele\"}]},{\"@type\":\"WebSite\",\"@id\":\"https:\\\/\\\/www.anjakoenig.com\\\/#website\",\"url\":\"https:\\\/\\\/www.anjakoenig.com\\\/\",\"name\":\"Anja K\u00f6nig Coaching\",\"description\":\"Auf der Suche nach einem Coach?\",\"publisher\":{\"@id\":\"https:\\\/\\\/www.anjakoenig.com\\\/#organization\"},\"potentialAction\":[{\"@type\":\"SearchAction\",\"target\":{\"@type\":\"EntryPoint\",\"urlTemplate\":\"https:\\\/\\\/www.anjakoenig.com\\\/?s={search_term_string}\"},\"query-input\":{\"@type\":\"PropertyValueSpecification\",\"valueRequired\":true,\"valueName\":\"search_term_string\"}}],\"inLanguage\":\"de\"},{\"@type\":\"Organization\",\"@id\":\"https:\\\/\\\/www.anjakoenig.com\\\/#organization\",\"name\":\"Anja K\u00f6nig Coaching\",\"url\":\"https:\\\/\\\/www.anjakoenig.com\\\/\",\"logo\":{\"@type\":\"ImageObject\",\"inLanguage\":\"de\",\"@id\":\"https:\\\/\\\/www.anjakoenig.com\\\/#\\\/schema\\\/logo\\\/image\\\/\",\"url\":\"https:\\\/\\\/www.anjakoenig.com\\\/wp-content\\\/uploads\\\/2020\\\/06\\\/AK-Logo.jpg\",\"contentUrl\":\"https:\\\/\\\/www.anjakoenig.com\\\/wp-content\\\/uploads\\\/2020\\\/06\\\/AK-Logo.jpg\",\"width\":302,\"height\":295,\"caption\":\"Anja K\u00f6nig Coaching\"},\"image\":{\"@id\":\"https:\\\/\\\/www.anjakoenig.com\\\/#\\\/schema\\\/logo\\\/image\\\/\"}}]}<\/script>\n<!-- \/ Yoast SEO plugin. -->","yoast_head_json":{"title":"Beispiele - Anja K\u00f6nig Coaching","robots":{"index":"index","follow":"follow","max-snippet":"max-snippet:-1","max-image-preview":"max-image-preview:large","max-video-preview":"max-video-preview:-1"},"canonical":"https:\/\/www.anjakoenig.com\/?page_id=37","og_locale":"de_DE","og_type":"article","og_title":"Beispiele - Anja K\u00f6nig Coaching","og_description":"Eine erfahrene F\u00fchrungskraft \u00fcbernimmt&nbsp; nach einer internen Umorganisation ein neu zusammengestelltes Team. Die Coachingziele werden in Absprache mit dem Klienten und dessen Chef vereinbart. Aufgrund von fr\u00fcheren R\u00fcckmeldungen m\u00f6chte die F\u00fchrungskraft an ihrem vision\u00e4ren F\u00fchrungsverhalten arbeiten sowie Konfliktsituationen besser managen. Dar\u00fcber hinaus m\u00f6chte sie mehr Zeit finden, Know-How zu agilen Managementpraktiken aufzubauen. Eine Ober\u00e4rztin am &hellip; \u201eBeispiele\u201c weiterlesen","og_url":"https:\/\/www.anjakoenig.com\/?page_id=37","og_site_name":"Anja K\u00f6nig Coaching","article_modified_time":"2020-06-04T14:06:15+00:00","twitter_card":"summary_large_image","twitter_misc":{"Gesch\u00e4tzte Lesezeit":"1\u00a0Minute"},"schema":{"@context":"https:\/\/schema.org","@graph":[{"@type":"WebPage","@id":"https:\/\/www.anjakoenig.com\/?page_id=37","url":"https:\/\/www.anjakoenig.com\/?page_id=37","name":"Beispiele - Anja K\u00f6nig Coaching","isPartOf":{"@id":"https:\/\/www.anjakoenig.com\/#website"},"datePublished":"2020-06-04T07:47:48+00:00","dateModified":"2020-06-04T14:06:15+00:00","breadcrumb":{"@id":"https:\/\/www.anjakoenig.com\/?page_id=37#breadcrumb"},"inLanguage":"de","potentialAction":[{"@type":"ReadAction","target":["https:\/\/www.anjakoenig.com\/?page_id=37"]}]},{"@type":"BreadcrumbList","@id":"https:\/\/www.anjakoenig.com\/?page_id=37#breadcrumb","itemListElement":[{"@type":"ListItem","position":1,"name":"Home","item":"https:\/\/www.anjakoenig.com\/"},{"@type":"ListItem","position":2,"name":"Beispiele"}]},{"@type":"WebSite","@id":"https:\/\/www.anjakoenig.com\/#website","url":"https:\/\/www.anjakoenig.com\/","name":"Anja K\u00f6nig Coaching","description":"Auf der Suche nach einem Coach?","publisher":{"@id":"https:\/\/www.anjakoenig.com\/#organization"},"potentialAction":[{"@type":"SearchAction","target":{"@type":"EntryPoint","urlTemplate":"https:\/\/www.anjakoenig.com\/?s={search_term_string}"},"query-input":{"@type":"PropertyValueSpecification","valueRequired":true,"valueName":"search_term_string"}}],"inLanguage":"de"},{"@type":"Organization","@id":"https:\/\/www.anjakoenig.com\/#organization","name":"Anja K\u00f6nig Coaching","url":"https:\/\/www.anjakoenig.com\/","logo":{"@type":"ImageObject","inLanguage":"de","@id":"https:\/\/www.anjakoenig.com\/#\/schema\/logo\/image\/","url":"https:\/\/www.anjakoenig.com\/wp-content\/uploads\/2020\/06\/AK-Logo.jpg","contentUrl":"https:\/\/www.anjakoenig.com\/wp-content\/uploads\/2020\/06\/AK-Logo.jpg","width":302,"height":295,"caption":"Anja K\u00f6nig Coaching"},"image":{"@id":"https:\/\/www.anjakoenig.com\/#\/schema\/logo\/image\/"}}]}},"_links":{"self":[{"href":"https:\/\/www.anjakoenig.com\/index.php?rest_route=\/wp\/v2\/pages\/37","targetHints":{"allow":["GET"]}}],"collection":[{"href":"https:\/\/www.anjakoenig.com\/index.php?rest_route=\/wp\/v2\/pages"}],"about":[{"href":"https:\/\/www.anjakoenig.com\/index.php?rest_route=\/wp\/v2\/types\/page"}],"author":[{"embeddable":true,"href":"https:\/\/www.anjakoenig.com\/index.php?rest_route=\/wp\/v2\/users\/1"}],"replies":[{"embeddable":true,"href":"https:\/\/www.anjakoenig.com\/index.php?rest_route=%2Fwp%2Fv2%2Fcomments&post=37"}],"version-history":[{"count":4,"href":"https:\/\/www.anjakoenig.com\/index.php?rest_route=\/wp\/v2\/pages\/37\/revisions"}],"predecessor-version":[{"id":144,"href":"https:\/\/www.anjakoenig.com\/index.php?rest_route=\/wp\/v2\/pages\/37\/revisions\/144"}],"wp:attachment":[{"href":"https:\/\/www.anjakoenig.com\/index.php?rest_route=%2Fwp%2Fv2%2Fmedia&parent=37"}],"curies":[{"name":"wp","href":"https:\/\/api.w.org\/{rel}","templated":true}]}}