{"id":5,"date":"2020-06-03T14:28:49","date_gmt":"2020-06-03T14:28:49","guid":{"rendered":"https:\/\/www.anjakoenig.com\/?page_id=2"},"modified":"2024-01-04T20:00:03","modified_gmt":"2024-01-04T19:00:03","slug":"ueber-mich","status":"publish","type":"page","link":"https:\/\/www.anjakoenig.com\/?page_id=5","title":{"rendered":"\u00dcber mich"},"content":{"rendered":"\n<p>Als Coach, Beraterin, Trainerin und Moderatorin unterst\u00fctze ich seit \u00fcber 15 Jahren Unternehmen und Einzelpersonen dabei, sich gezielt weiterzuentwickeln und ihre pers\u00f6nliche Vision zu verwirklichen. Die sch\u00f6nsten Momente sind f\u00fcr mich die, in denen ich Menschen helfen kann, ihre Potentiale voll zu nutzen, um Gutes f\u00fcr sich und andere zu tun. Gerne w\u00fcrde ich auch mit Ihnen daran arbeiten.<\/p>\n\n\n\n<ul class=\"wp-block-list\">\n<li>Diplom-Psychologin mit Schwerpunkt auf Arbeits-, Betriebs- und Organisationspsychologie<\/li>\n\n\n\n<li>Zertifizierter Coach der <a href=\"https:\/\/www.coachfederation.de\/\" target=\"_blank\" rel=\"noreferrer noopener\">ICF<\/a> International Coaching Federation<\/li>\n\n\n\n<li>Mitglied des <a href=\"https:\/\/www.uni-bamberg.de\/kap\/kap-team\/beratung-training-und-coaching\/anja-koenig\/\" target=\"_blank\" rel=\"noreferrer noopener\">Coach Pools<\/a> des Kompetenzzentrums f\u00fcr Angewandte Personalpsychologie der Universit\u00e4t Bamberg<\/li>\n\n\n\n<li>\u00dcber 15 Jahre Erfahrung als HR Berater f\u00fcr globale und mittelst\u00e4ndische Unternehmen und als Trainerin, Moderatorin und Coach f\u00fcr Experten und F\u00fchrungskr\u00e4fte<\/li>\n\n\n\n<li>Themenschwerpunkte: Personalentwicklung von Individuen und Gruppen, Personalauswahl, Ver\u00e4nderungsmanagement und Organisationsentwicklung<\/li>\n\n\n\n<li>Regionale Schwerpunkte: Europa, USA und Lateinamerika<\/li>\n\n\n\n<li>Branchenbeispiele: Energie, Pharma, Konsumg\u00fcter, Automobil<\/li>\n\n\n\n<li>Mehrj\u00e4hrige Erfahrung als Personalleiterin in einem HR Beratungsunternehmen<\/li>\n<\/ul>\n\n\n\n<p><\/p>\n\n\n\n<figure class=\"wp-block-gallery has-nested-images columns-default is-cropped wp-block-gallery-2 is-layout-flex wp-block-gallery-is-layout-flex\">\n<figure class=\"wp-block-image size-large\"><img loading=\"lazy\" decoding=\"async\" width=\"1024\" height=\"683\" data-id=\"136\" src=\"https:\/\/www.anjakoenig.com\/wp-content\/uploads\/2020\/06\/Fotoloft_Erfurt_100574307-1024x683.jpg\" alt=\"\" class=\"wp-image-136\" srcset=\"https:\/\/www.anjakoenig.com\/wp-content\/uploads\/2020\/06\/Fotoloft_Erfurt_100574307-1024x683.jpg 1024w, https:\/\/www.anjakoenig.com\/wp-content\/uploads\/2020\/06\/Fotoloft_Erfurt_100574307-300x200.jpg 300w, https:\/\/www.anjakoenig.com\/wp-content\/uploads\/2020\/06\/Fotoloft_Erfurt_100574307-768x512.jpg 768w, https:\/\/www.anjakoenig.com\/wp-content\/uploads\/2020\/06\/Fotoloft_Erfurt_100574307-1536x1024.jpg 1536w, https:\/\/www.anjakoenig.com\/wp-content\/uploads\/2020\/06\/Fotoloft_Erfurt_100574307-2048x1365.jpg 2048w\" sizes=\"auto, (max-width: 706px) 89vw, (max-width: 767px) 82vw, 740px\" \/><\/figure>\n\n\n\n<figure class=\"wp-block-image size-large\"><img loading=\"lazy\" decoding=\"async\" width=\"1024\" height=\"683\" data-id=\"139\" src=\"https:\/\/www.anjakoenig.com\/wp-content\/uploads\/2020\/06\/Fotoloft_Erfurt_100574314-1024x683.jpg\" alt=\"\" class=\"wp-image-139\" srcset=\"https:\/\/www.anjakoenig.com\/wp-content\/uploads\/2020\/06\/Fotoloft_Erfurt_100574314-1024x683.jpg 1024w, https:\/\/www.anjakoenig.com\/wp-content\/uploads\/2020\/06\/Fotoloft_Erfurt_100574314-300x200.jpg 300w, https:\/\/www.anjakoenig.com\/wp-content\/uploads\/2020\/06\/Fotoloft_Erfurt_100574314-768x512.jpg 768w, https:\/\/www.anjakoenig.com\/wp-content\/uploads\/2020\/06\/Fotoloft_Erfurt_100574314-1536x1024.jpg 1536w, https:\/\/www.anjakoenig.com\/wp-content\/uploads\/2020\/06\/Fotoloft_Erfurt_100574314-2048x1365.jpg 2048w\" sizes=\"auto, (max-width: 706px) 89vw, (max-width: 767px) 82vw, 740px\" \/><\/figure>\n<\/figure>\n","protected":false},"excerpt":{"rendered":"<p>Als Coach, Beraterin, Trainerin und Moderatorin unterst\u00fctze ich seit \u00fcber 15 Jahren Unternehmen und Einzelpersonen dabei, sich gezielt weiterzuentwickeln und ihre pers\u00f6nliche Vision zu verwirklichen. Die sch\u00f6nsten Momente sind f\u00fcr mich die, in denen ich Menschen helfen kann, ihre Potentiale voll zu nutzen, um Gutes f\u00fcr sich und andere zu tun. Gerne w\u00fcrde ich auch &hellip; <\/p>\n<p class=\"link-more\"><a href=\"https:\/\/www.anjakoenig.com\/?page_id=5\" class=\"more-link\"><span class=\"screen-reader-text\">\u201e\u00dcber mich\u201c <\/span>weiterlesen<\/a><\/p>\n","protected":false},"author":1,"featured_media":0,"parent":0,"menu_order":0,"comment_status":"closed","ping_status":"open","template":"","meta":{"footnotes":""},"class_list":["post-5","page","type-page","status-publish","hentry"],"yoast_head":"<!-- This site is optimized with the Yoast SEO plugin v27.3 - https:\/\/yoast.com\/product\/yoast-seo-wordpress\/ -->\n<title>\u00dcber mich - Anja K\u00f6nig Coaching<\/title>\n<meta name=\"description\" content=\"Als Coach, Berater, Trainer und Moderator unterst\u00fctze ich seit \u00fcber 10 Jahren Unternehmen und Einzelpersonen dabei, sich gezielt weiterzuentwickeln und ihre pers\u00f6nliche Vision zu verwirklichen.\" \/>\n<meta name=\"robots\" content=\"index, follow, max-snippet:-1, max-image-preview:large, max-video-preview:-1\" \/>\n<link rel=\"canonical\" href=\"https:\/\/www.anjakoenig.com\/?page_id=5\" \/>\n<meta property=\"og:locale\" content=\"de_DE\" \/>\n<meta property=\"og:type\" content=\"article\" \/>\n<meta property=\"og:title\" content=\"\u00dcber mich - Anja K\u00f6nig Coaching\" \/>\n<meta property=\"og:description\" content=\"Als Coach, Berater, Trainer und Moderator unterst\u00fctze ich seit \u00fcber 10 Jahren Unternehmen und Einzelpersonen dabei, sich gezielt weiterzuentwickeln und ihre pers\u00f6nliche Vision zu verwirklichen.\" \/>\n<meta property=\"og:url\" content=\"https:\/\/www.anjakoenig.com\/?page_id=5\" \/>\n<meta property=\"og:site_name\" content=\"Anja K\u00f6nig Coaching\" \/>\n<meta property=\"article:modified_time\" content=\"2024-01-04T19:00:03+00:00\" \/>\n<meta property=\"og:image\" content=\"https:\/\/www.anjakoenig.com\/wp-content\/uploads\/2020\/06\/Fotoloft_Erfurt_100574307-1024x683.jpg\" \/>\n<meta name=\"twitter:card\" content=\"summary_large_image\" \/>\n<meta name=\"twitter:label1\" content=\"Gesch\u00e4tzte Lesezeit\" \/>\n\t<meta name=\"twitter:data1\" content=\"2\u00a0Minuten\" \/>\n<script type=\"application\/ld+json\" class=\"yoast-schema-graph\">{\"@context\":\"https:\\\/\\\/schema.org\",\"@graph\":[{\"@type\":[\"WebPage\",\"ProfilePage\"],\"@id\":\"https:\\\/\\\/www.anjakoenig.com\\\/?page_id=5\",\"url\":\"https:\\\/\\\/www.anjakoenig.com\\\/?page_id=5\",\"name\":\"\u00dcber mich - Anja K\u00f6nig Coaching\",\"isPartOf\":{\"@id\":\"https:\\\/\\\/www.anjakoenig.com\\\/#website\"},\"primaryImageOfPage\":{\"@id\":\"https:\\\/\\\/www.anjakoenig.com\\\/?page_id=5#primaryimage\"},\"image\":{\"@id\":\"https:\\\/\\\/www.anjakoenig.com\\\/?page_id=5#primaryimage\"},\"thumbnailUrl\":\"https:\\\/\\\/www.anjakoenig.com\\\/wp-content\\\/uploads\\\/2020\\\/06\\\/Fotoloft_Erfurt_100574307-1024x683.jpg\",\"datePublished\":\"2020-06-03T14:28:49+00:00\",\"dateModified\":\"2024-01-04T19:00:03+00:00\",\"description\":\"Als Coach, Berater, Trainer und Moderator unterst\u00fctze ich seit \u00fcber 10 Jahren Unternehmen und Einzelpersonen dabei, sich gezielt weiterzuentwickeln und ihre pers\u00f6nliche Vision zu verwirklichen.\",\"breadcrumb\":{\"@id\":\"https:\\\/\\\/www.anjakoenig.com\\\/?page_id=5#breadcrumb\"},\"inLanguage\":\"de\",\"potentialAction\":[{\"@type\":\"ReadAction\",\"target\":[\"https:\\\/\\\/www.anjakoenig.com\\\/?page_id=5\"]}]},{\"@type\":\"ImageObject\",\"inLanguage\":\"de\",\"@id\":\"https:\\\/\\\/www.anjakoenig.com\\\/?page_id=5#primaryimage\",\"url\":\"https:\\\/\\\/www.anjakoenig.com\\\/wp-content\\\/uploads\\\/2020\\\/06\\\/Fotoloft_Erfurt_100574307-1024x683.jpg\",\"contentUrl\":\"https:\\\/\\\/www.anjakoenig.com\\\/wp-content\\\/uploads\\\/2020\\\/06\\\/Fotoloft_Erfurt_100574307-1024x683.jpg\"},{\"@type\":\"BreadcrumbList\",\"@id\":\"https:\\\/\\\/www.anjakoenig.com\\\/?page_id=5#breadcrumb\",\"itemListElement\":[{\"@type\":\"ListItem\",\"position\":1,\"name\":\"Home\",\"item\":\"https:\\\/\\\/www.anjakoenig.com\\\/\"},{\"@type\":\"ListItem\",\"position\":2,\"name\":\"\u00dcber mich\"}]},{\"@type\":\"WebSite\",\"@id\":\"https:\\\/\\\/www.anjakoenig.com\\\/#website\",\"url\":\"https:\\\/\\\/www.anjakoenig.com\\\/\",\"name\":\"Anja K\u00f6nig Coaching\",\"description\":\"Auf der Suche nach einem Coach?\",\"publisher\":{\"@id\":\"https:\\\/\\\/www.anjakoenig.com\\\/#organization\"},\"potentialAction\":[{\"@type\":\"SearchAction\",\"target\":{\"@type\":\"EntryPoint\",\"urlTemplate\":\"https:\\\/\\\/www.anjakoenig.com\\\/?s={search_term_string}\"},\"query-input\":{\"@type\":\"PropertyValueSpecification\",\"valueRequired\":true,\"valueName\":\"search_term_string\"}}],\"inLanguage\":\"de\"},{\"@type\":\"Organization\",\"@id\":\"https:\\\/\\\/www.anjakoenig.com\\\/#organization\",\"name\":\"Anja K\u00f6nig Coaching\",\"url\":\"https:\\\/\\\/www.anjakoenig.com\\\/\",\"logo\":{\"@type\":\"ImageObject\",\"inLanguage\":\"de\",\"@id\":\"https:\\\/\\\/www.anjakoenig.com\\\/#\\\/schema\\\/logo\\\/image\\\/\",\"url\":\"https:\\\/\\\/www.anjakoenig.com\\\/wp-content\\\/uploads\\\/2020\\\/06\\\/AK-Logo.jpg\",\"contentUrl\":\"https:\\\/\\\/www.anjakoenig.com\\\/wp-content\\\/uploads\\\/2020\\\/06\\\/AK-Logo.jpg\",\"width\":302,\"height\":295,\"caption\":\"Anja K\u00f6nig Coaching\"},\"image\":{\"@id\":\"https:\\\/\\\/www.anjakoenig.com\\\/#\\\/schema\\\/logo\\\/image\\\/\"},\"mainEntityOfPage\":{\"@id\":\"https:\\\/\\\/www.anjakoenig.com\\\/?page_id=5\"}}]}<\/script>\n<!-- \/ Yoast SEO plugin. -->","yoast_head_json":{"title":"\u00dcber mich - Anja K\u00f6nig Coaching","description":"Als Coach, Berater, Trainer und Moderator unterst\u00fctze ich seit \u00fcber 10 Jahren Unternehmen und Einzelpersonen dabei, sich gezielt weiterzuentwickeln und ihre pers\u00f6nliche Vision zu verwirklichen.","robots":{"index":"index","follow":"follow","max-snippet":"max-snippet:-1","max-image-preview":"max-image-preview:large","max-video-preview":"max-video-preview:-1"},"canonical":"https:\/\/www.anjakoenig.com\/?page_id=5","og_locale":"de_DE","og_type":"article","og_title":"\u00dcber mich - Anja K\u00f6nig Coaching","og_description":"Als Coach, Berater, Trainer und Moderator unterst\u00fctze ich seit \u00fcber 10 Jahren Unternehmen und Einzelpersonen dabei, sich gezielt weiterzuentwickeln und ihre pers\u00f6nliche Vision zu verwirklichen.","og_url":"https:\/\/www.anjakoenig.com\/?page_id=5","og_site_name":"Anja K\u00f6nig Coaching","article_modified_time":"2024-01-04T19:00:03+00:00","og_image":[{"url":"https:\/\/www.anjakoenig.com\/wp-content\/uploads\/2020\/06\/Fotoloft_Erfurt_100574307-1024x683.jpg","type":"","width":"","height":""}],"twitter_card":"summary_large_image","twitter_misc":{"Gesch\u00e4tzte Lesezeit":"2\u00a0Minuten"},"schema":{"@context":"https:\/\/schema.org","@graph":[{"@type":["WebPage","ProfilePage"],"@id":"https:\/\/www.anjakoenig.com\/?page_id=5","url":"https:\/\/www.anjakoenig.com\/?page_id=5","name":"\u00dcber mich - Anja K\u00f6nig Coaching","isPartOf":{"@id":"https:\/\/www.anjakoenig.com\/#website"},"primaryImageOfPage":{"@id":"https:\/\/www.anjakoenig.com\/?page_id=5#primaryimage"},"image":{"@id":"https:\/\/www.anjakoenig.com\/?page_id=5#primaryimage"},"thumbnailUrl":"https:\/\/www.anjakoenig.com\/wp-content\/uploads\/2020\/06\/Fotoloft_Erfurt_100574307-1024x683.jpg","datePublished":"2020-06-03T14:28:49+00:00","dateModified":"2024-01-04T19:00:03+00:00","description":"Als Coach, Berater, Trainer und Moderator unterst\u00fctze ich seit \u00fcber 10 Jahren Unternehmen und Einzelpersonen dabei, sich gezielt weiterzuentwickeln und ihre pers\u00f6nliche Vision zu verwirklichen.","breadcrumb":{"@id":"https:\/\/www.anjakoenig.com\/?page_id=5#breadcrumb"},"inLanguage":"de","potentialAction":[{"@type":"ReadAction","target":["https:\/\/www.anjakoenig.com\/?page_id=5"]}]},{"@type":"ImageObject","inLanguage":"de","@id":"https:\/\/www.anjakoenig.com\/?page_id=5#primaryimage","url":"https:\/\/www.anjakoenig.com\/wp-content\/uploads\/2020\/06\/Fotoloft_Erfurt_100574307-1024x683.jpg","contentUrl":"https:\/\/www.anjakoenig.com\/wp-content\/uploads\/2020\/06\/Fotoloft_Erfurt_100574307-1024x683.jpg"},{"@type":"BreadcrumbList","@id":"https:\/\/www.anjakoenig.com\/?page_id=5#breadcrumb","itemListElement":[{"@type":"ListItem","position":1,"name":"Home","item":"https:\/\/www.anjakoenig.com\/"},{"@type":"ListItem","position":2,"name":"\u00dcber mich"}]},{"@type":"WebSite","@id":"https:\/\/www.anjakoenig.com\/#website","url":"https:\/\/www.anjakoenig.com\/","name":"Anja K\u00f6nig Coaching","description":"Auf der Suche nach einem Coach?","publisher":{"@id":"https:\/\/www.anjakoenig.com\/#organization"},"potentialAction":[{"@type":"SearchAction","target":{"@type":"EntryPoint","urlTemplate":"https:\/\/www.anjakoenig.com\/?s={search_term_string}"},"query-input":{"@type":"PropertyValueSpecification","valueRequired":true,"valueName":"search_term_string"}}],"inLanguage":"de"},{"@type":"Organization","@id":"https:\/\/www.anjakoenig.com\/#organization","name":"Anja K\u00f6nig Coaching","url":"https:\/\/www.anjakoenig.com\/","logo":{"@type":"ImageObject","inLanguage":"de","@id":"https:\/\/www.anjakoenig.com\/#\/schema\/logo\/image\/","url":"https:\/\/www.anjakoenig.com\/wp-content\/uploads\/2020\/06\/AK-Logo.jpg","contentUrl":"https:\/\/www.anjakoenig.com\/wp-content\/uploads\/2020\/06\/AK-Logo.jpg","width":302,"height":295,"caption":"Anja K\u00f6nig Coaching"},"image":{"@id":"https:\/\/www.anjakoenig.com\/#\/schema\/logo\/image\/"},"mainEntityOfPage":{"@id":"https:\/\/www.anjakoenig.com\/?page_id=5"}}]}},"_links":{"self":[{"href":"https:\/\/www.anjakoenig.com\/index.php?rest_route=\/wp\/v2\/pages\/5","targetHints":{"allow":["GET"]}}],"collection":[{"href":"https:\/\/www.anjakoenig.com\/index.php?rest_route=\/wp\/v2\/pages"}],"about":[{"href":"https:\/\/www.anjakoenig.com\/index.php?rest_route=\/wp\/v2\/types\/page"}],"author":[{"embeddable":true,"href":"https:\/\/www.anjakoenig.com\/index.php?rest_route=\/wp\/v2\/users\/1"}],"replies":[{"embeddable":true,"href":"https:\/\/www.anjakoenig.com\/index.php?rest_route=%2Fwp%2Fv2%2Fcomments&post=5"}],"version-history":[{"count":12,"href":"https:\/\/www.anjakoenig.com\/index.php?rest_route=\/wp\/v2\/pages\/5\/revisions"}],"predecessor-version":[{"id":570,"href":"https:\/\/www.anjakoenig.com\/index.php?rest_route=\/wp\/v2\/pages\/5\/revisions\/570"}],"wp:attachment":[{"href":"https:\/\/www.anjakoenig.com\/index.php?rest_route=%2Fwp%2Fv2%2Fmedia&parent=5"}],"curies":[{"name":"wp","href":"https:\/\/api.w.org\/{rel}","templated":true}]}}