{"id":50,"date":"2020-06-04T09:50:49","date_gmt":"2020-06-04T07:50:49","guid":{"rendered":"https:\/\/www.anjakoenig.com\/?page_id=50"},"modified":"2024-01-04T19:42:47","modified_gmt":"2024-01-04T18:42:47","slug":"impressum","status":"publish","type":"page","link":"https:\/\/www.anjakoenig.com\/?page_id=50","title":{"rendered":"Impressum"},"content":{"rendered":"\n<div class=\"wp-block-group\"><div class=\"wp-block-group__inner-container is-layout-flow wp-block-group-is-layout-flow\">\n<h2>Angaben gem\u00e4\u00df \u00a7 5 TMG<\/h2>\n<p>Anja K\u00f6nig<br>\nAK Coaching<br>\nBamberg<\/p>\n\n<h2>Kontakt<\/h2>\n<p>Telefon: +49 151 15188422<br>\nE-Mail: info@anjakoenig.com<\/p>\n\n<h2>Verantwortlich f\u00fcr den Inhalt nach \u00a7 55 Abs. 2 RStV<\/h2>\n<p>Anja K\u00f6nig<br>\nBamberg<\/p>\n\n<h2>Verbraucher\u00adstreit\u00adbeilegung\/Universal\u00adschlichtungs\u00adstelle<\/h2><p>Wir sind nicht bereit oder verpflichtet, an Streitbeilegungsverfahren vor einer Verbraucherschlichtungsstelle teilzunehmen.<\/p>\n\n<h3>Haftung f\u00fcr Inhalte<\/h3> <p>Als Diensteanbieter sind wir gem\u00e4\u00df \u00a7 7 Abs.1 TMG f\u00fcr eigene Inhalte auf diesen Seiten nach den allgemeinen Gesetzen verantwortlich. Nach \u00a7\u00a7 8 bis 10 TMG sind wir als Diensteanbieter jedoch nicht verpflichtet, \u00fcbermittelte oder gespeicherte fremde Informationen zu \u00fcberwachen oder nach Umst\u00e4nden zu forschen, die auf eine rechtswidrige T\u00e4tigkeit hinweisen.<\/p> <p>Verpflichtungen zur Entfernung oder Sperrung der Nutzung von Informationen nach den allgemeinen Gesetzen bleiben hiervon unber\u00fchrt. Eine diesbez\u00fcgliche Haftung ist jedoch erst ab dem Zeitpunkt der Kenntnis einer konkreten Rechtsverletzung m\u00f6glich. Bei Bekanntwerden von entsprechenden Rechtsverletzungen werden wir diese Inhalte umgehend entfernen.<\/p> <h3>Haftung f\u00fcr Links<\/h3> <p>Unser Angebot enth\u00e4lt Links zu externen Websites Dritter, auf deren Inhalte wir keinen Einfluss haben. Deshalb k\u00f6nnen wir f\u00fcr diese fremden Inhalte auch keine Gew\u00e4hr \u00fcbernehmen. F\u00fcr die Inhalte der verlinkten Seiten ist stets der jeweilige Anbieter oder Betreiber der Seiten verantwortlich. Die verlinkten Seiten wurden zum Zeitpunkt der Verlinkung auf m\u00f6gliche Rechtsverst\u00f6\u00dfe \u00fcberpr\u00fcft. Rechtswidrige Inhalte waren zum Zeitpunkt der Verlinkung nicht erkennbar.<\/p> <p>Eine permanente inhaltliche Kontrolle der verlinkten Seiten ist jedoch ohne konkrete Anhaltspunkte einer Rechtsverletzung nicht zumutbar. Bei Bekanntwerden von Rechtsverletzungen werden wir derartige Links umgehend entfernen.<\/p> <h3>Urheberrecht<\/h3> <p>Die durch die Seitenbetreiber erstellten Inhalte und Werke auf diesen Seiten unterliegen dem deutschen Urheberrecht. Die Vervielf\u00e4ltigung, Bearbeitung, Verbreitung und jede Art der Verwertung au\u00dferhalb der Grenzen des Urheberrechtes bed\u00fcrfen der schriftlichen Zustimmung des jeweiligen Autors bzw. Erstellers. Downloads und Kopien dieser Seite sind nur f\u00fcr den privaten, nicht kommerziellen Gebrauch gestattet.<\/p> <p>Soweit die Inhalte auf dieser Seite nicht vom Betreiber erstellt wurden, werden die Urheberrechte Dritter beachtet. Insbesondere werden Inhalte Dritter als solche gekennzeichnet. Sollten Sie trotzdem auf eine Urheberrechtsverletzung aufmerksam werden, bitten wir um einen entsprechenden Hinweis. Bei Bekanntwerden von Rechtsverletzungen werden wir derartige Inhalte umgehend entfernen.<\/p>\n\n<p>Quelle: <a href=\"https:\/\/www.e-recht24.de\">eRecht24<\/a><\/p>\n<\/div><\/div>\n\n\n\n<p><\/p>\n\n\n\n<p><\/p>\n","protected":false},"excerpt":{"rendered":"<p>Angaben gem\u00e4\u00df \u00a7 5 TMG Anja K\u00f6nig AK Coaching Bamberg Kontakt Telefon: +49 151 15188422 E-Mail: info@anjakoenig.com Verantwortlich f\u00fcr den Inhalt nach \u00a7 55 Abs. 2 RStV Anja K\u00f6nig Bamberg Verbraucher\u00adstreit\u00adbeilegung\/Universal\u00adschlichtungs\u00adstelle Wir sind nicht bereit oder verpflichtet, an Streitbeilegungsverfahren vor einer Verbraucherschlichtungsstelle teilzunehmen. Haftung f\u00fcr Inhalte Als Diensteanbieter sind wir gem\u00e4\u00df \u00a7 7 Abs.1 TMG &hellip; <\/p>\n<p class=\"link-more\"><a href=\"https:\/\/www.anjakoenig.com\/?page_id=50\" class=\"more-link\"><span class=\"screen-reader-text\">\u201eImpressum\u201c <\/span>weiterlesen<\/a><\/p>\n","protected":false},"author":1,"featured_media":0,"parent":0,"menu_order":0,"comment_status":"closed","ping_status":"closed","template":"","meta":{"footnotes":""},"class_list":["post-50","page","type-page","status-publish","hentry"],"yoast_head":"<!-- This site is optimized with the Yoast SEO plugin v27.3 - https:\/\/yoast.com\/product\/yoast-seo-wordpress\/ -->\n<title>Impressum - Anja K\u00f6nig Coaching<\/title>\n<meta name=\"robots\" content=\"index, follow, max-snippet:-1, max-image-preview:large, max-video-preview:-1\" \/>\n<link rel=\"canonical\" href=\"https:\/\/www.anjakoenig.com\/?page_id=50\" \/>\n<meta property=\"og:locale\" content=\"de_DE\" \/>\n<meta property=\"og:type\" content=\"article\" \/>\n<meta property=\"og:title\" content=\"Impressum - Anja K\u00f6nig Coaching\" \/>\n<meta property=\"og:description\" content=\"Angaben gem\u00e4\u00df \u00a7 5 TMG Anja K\u00f6nig AK Coaching Bamberg Kontakt Telefon: +49 151 15188422 E-Mail: info@anjakoenig.com Verantwortlich f\u00fcr den Inhalt nach \u00a7 55 Abs. 2 RStV Anja K\u00f6nig Bamberg Verbraucher\u00adstreit\u00adbeilegung\/Universal\u00adschlichtungs\u00adstelle Wir sind nicht bereit oder verpflichtet, an Streitbeilegungsverfahren vor einer Verbraucherschlichtungsstelle teilzunehmen. Haftung f\u00fcr Inhalte Als Diensteanbieter sind wir gem\u00e4\u00df \u00a7 7 Abs.1 TMG &hellip; \u201eImpressum\u201c weiterlesen\" \/>\n<meta property=\"og:url\" content=\"https:\/\/www.anjakoenig.com\/?page_id=50\" \/>\n<meta property=\"og:site_name\" content=\"Anja K\u00f6nig Coaching\" \/>\n<meta property=\"article:modified_time\" content=\"2024-01-04T18:42:47+00:00\" \/>\n<meta name=\"twitter:card\" content=\"summary_large_image\" \/>\n<meta name=\"twitter:label1\" content=\"Gesch\u00e4tzte Lesezeit\" \/>\n\t<meta name=\"twitter:data1\" content=\"2\u00a0Minuten\" \/>\n<script type=\"application\/ld+json\" class=\"yoast-schema-graph\">{\"@context\":\"https:\\\/\\\/schema.org\",\"@graph\":[{\"@type\":\"WebPage\",\"@id\":\"https:\\\/\\\/www.anjakoenig.com\\\/?page_id=50\",\"url\":\"https:\\\/\\\/www.anjakoenig.com\\\/?page_id=50\",\"name\":\"Impressum - Anja K\u00f6nig Coaching\",\"isPartOf\":{\"@id\":\"https:\\\/\\\/www.anjakoenig.com\\\/#website\"},\"datePublished\":\"2020-06-04T07:50:49+00:00\",\"dateModified\":\"2024-01-04T18:42:47+00:00\",\"breadcrumb\":{\"@id\":\"https:\\\/\\\/www.anjakoenig.com\\\/?page_id=50#breadcrumb\"},\"inLanguage\":\"de\",\"potentialAction\":[{\"@type\":\"ReadAction\",\"target\":[\"https:\\\/\\\/www.anjakoenig.com\\\/?page_id=50\"]}]},{\"@type\":\"BreadcrumbList\",\"@id\":\"https:\\\/\\\/www.anjakoenig.com\\\/?page_id=50#breadcrumb\",\"itemListElement\":[{\"@type\":\"ListItem\",\"position\":1,\"name\":\"Home\",\"item\":\"https:\\\/\\\/www.anjakoenig.com\\\/\"},{\"@type\":\"ListItem\",\"position\":2,\"name\":\"Impressum\"}]},{\"@type\":\"WebSite\",\"@id\":\"https:\\\/\\\/www.anjakoenig.com\\\/#website\",\"url\":\"https:\\\/\\\/www.anjakoenig.com\\\/\",\"name\":\"Anja K\u00f6nig Coaching\",\"description\":\"Auf der Suche nach einem Coach?\",\"publisher\":{\"@id\":\"https:\\\/\\\/www.anjakoenig.com\\\/#organization\"},\"potentialAction\":[{\"@type\":\"SearchAction\",\"target\":{\"@type\":\"EntryPoint\",\"urlTemplate\":\"https:\\\/\\\/www.anjakoenig.com\\\/?s={search_term_string}\"},\"query-input\":{\"@type\":\"PropertyValueSpecification\",\"valueRequired\":true,\"valueName\":\"search_term_string\"}}],\"inLanguage\":\"de\"},{\"@type\":\"Organization\",\"@id\":\"https:\\\/\\\/www.anjakoenig.com\\\/#organization\",\"name\":\"Anja K\u00f6nig Coaching\",\"url\":\"https:\\\/\\\/www.anjakoenig.com\\\/\",\"logo\":{\"@type\":\"ImageObject\",\"inLanguage\":\"de\",\"@id\":\"https:\\\/\\\/www.anjakoenig.com\\\/#\\\/schema\\\/logo\\\/image\\\/\",\"url\":\"https:\\\/\\\/www.anjakoenig.com\\\/wp-content\\\/uploads\\\/2020\\\/06\\\/AK-Logo.jpg\",\"contentUrl\":\"https:\\\/\\\/www.anjakoenig.com\\\/wp-content\\\/uploads\\\/2020\\\/06\\\/AK-Logo.jpg\",\"width\":302,\"height\":295,\"caption\":\"Anja K\u00f6nig Coaching\"},\"image\":{\"@id\":\"https:\\\/\\\/www.anjakoenig.com\\\/#\\\/schema\\\/logo\\\/image\\\/\"}}]}<\/script>\n<!-- \/ Yoast SEO plugin. -->","yoast_head_json":{"title":"Impressum - Anja K\u00f6nig Coaching","robots":{"index":"index","follow":"follow","max-snippet":"max-snippet:-1","max-image-preview":"max-image-preview:large","max-video-preview":"max-video-preview:-1"},"canonical":"https:\/\/www.anjakoenig.com\/?page_id=50","og_locale":"de_DE","og_type":"article","og_title":"Impressum - Anja K\u00f6nig Coaching","og_description":"Angaben gem\u00e4\u00df \u00a7 5 TMG Anja K\u00f6nig AK Coaching Bamberg Kontakt Telefon: +49 151 15188422 E-Mail: info@anjakoenig.com Verantwortlich f\u00fcr den Inhalt nach \u00a7 55 Abs. 2 RStV Anja K\u00f6nig Bamberg Verbraucher\u00adstreit\u00adbeilegung\/Universal\u00adschlichtungs\u00adstelle Wir sind nicht bereit oder verpflichtet, an Streitbeilegungsverfahren vor einer Verbraucherschlichtungsstelle teilzunehmen. Haftung f\u00fcr Inhalte Als Diensteanbieter sind wir gem\u00e4\u00df \u00a7 7 Abs.1 TMG &hellip; \u201eImpressum\u201c weiterlesen","og_url":"https:\/\/www.anjakoenig.com\/?page_id=50","og_site_name":"Anja K\u00f6nig Coaching","article_modified_time":"2024-01-04T18:42:47+00:00","twitter_card":"summary_large_image","twitter_misc":{"Gesch\u00e4tzte Lesezeit":"2\u00a0Minuten"},"schema":{"@context":"https:\/\/schema.org","@graph":[{"@type":"WebPage","@id":"https:\/\/www.anjakoenig.com\/?page_id=50","url":"https:\/\/www.anjakoenig.com\/?page_id=50","name":"Impressum - Anja K\u00f6nig Coaching","isPartOf":{"@id":"https:\/\/www.anjakoenig.com\/#website"},"datePublished":"2020-06-04T07:50:49+00:00","dateModified":"2024-01-04T18:42:47+00:00","breadcrumb":{"@id":"https:\/\/www.anjakoenig.com\/?page_id=50#breadcrumb"},"inLanguage":"de","potentialAction":[{"@type":"ReadAction","target":["https:\/\/www.anjakoenig.com\/?page_id=50"]}]},{"@type":"BreadcrumbList","@id":"https:\/\/www.anjakoenig.com\/?page_id=50#breadcrumb","itemListElement":[{"@type":"ListItem","position":1,"name":"Home","item":"https:\/\/www.anjakoenig.com\/"},{"@type":"ListItem","position":2,"name":"Impressum"}]},{"@type":"WebSite","@id":"https:\/\/www.anjakoenig.com\/#website","url":"https:\/\/www.anjakoenig.com\/","name":"Anja K\u00f6nig Coaching","description":"Auf der Suche nach einem Coach?","publisher":{"@id":"https:\/\/www.anjakoenig.com\/#organization"},"potentialAction":[{"@type":"SearchAction","target":{"@type":"EntryPoint","urlTemplate":"https:\/\/www.anjakoenig.com\/?s={search_term_string}"},"query-input":{"@type":"PropertyValueSpecification","valueRequired":true,"valueName":"search_term_string"}}],"inLanguage":"de"},{"@type":"Organization","@id":"https:\/\/www.anjakoenig.com\/#organization","name":"Anja K\u00f6nig Coaching","url":"https:\/\/www.anjakoenig.com\/","logo":{"@type":"ImageObject","inLanguage":"de","@id":"https:\/\/www.anjakoenig.com\/#\/schema\/logo\/image\/","url":"https:\/\/www.anjakoenig.com\/wp-content\/uploads\/2020\/06\/AK-Logo.jpg","contentUrl":"https:\/\/www.anjakoenig.com\/wp-content\/uploads\/2020\/06\/AK-Logo.jpg","width":302,"height":295,"caption":"Anja K\u00f6nig Coaching"},"image":{"@id":"https:\/\/www.anjakoenig.com\/#\/schema\/logo\/image\/"}}]}},"_links":{"self":[{"href":"https:\/\/www.anjakoenig.com\/index.php?rest_route=\/wp\/v2\/pages\/50","targetHints":{"allow":["GET"]}}],"collection":[{"href":"https:\/\/www.anjakoenig.com\/index.php?rest_route=\/wp\/v2\/pages"}],"about":[{"href":"https:\/\/www.anjakoenig.com\/index.php?rest_route=\/wp\/v2\/types\/page"}],"author":[{"embeddable":true,"href":"https:\/\/www.anjakoenig.com\/index.php?rest_route=\/wp\/v2\/users\/1"}],"replies":[{"embeddable":true,"href":"https:\/\/www.anjakoenig.com\/index.php?rest_route=%2Fwp%2Fv2%2Fcomments&post=50"}],"version-history":[{"count":9,"href":"https:\/\/www.anjakoenig.com\/index.php?rest_route=\/wp\/v2\/pages\/50\/revisions"}],"predecessor-version":[{"id":566,"href":"https:\/\/www.anjakoenig.com\/index.php?rest_route=\/wp\/v2\/pages\/50\/revisions\/566"}],"wp:attachment":[{"href":"https:\/\/www.anjakoenig.com\/index.php?rest_route=%2Fwp%2Fv2%2Fmedia&parent=50"}],"curies":[{"name":"wp","href":"https:\/\/api.w.org\/{rel}","templated":true}]}}